{"id":120,"date":"2015-07-09T13:56:45","date_gmt":"2015-07-09T13:56:45","guid":{"rendered":"https:\/\/mallinidesign.com\/pinecone\/?page_id=120"},"modified":"2024-01-03T14:36:08","modified_gmt":"2024-01-03T14:36:08","slug":"about","status":"publish","type":"page","link":"https:\/\/en.inczenoemi.art\/index.php\/about\/","title":{"rendered":"About me"},"content":{"rendered":"<p><img loading=\"lazy\" decoding=\"async\" class=\"size-medium wp-image-1624 alignright\" src=\"https:\/\/en.inczenoemi.art\/wp-content\/uploads\/2023\/06\/IMG-20220903-WA0009-225x300.jpg\" alt=\"\" width=\"225\" height=\"300\" srcset=\"https:\/\/en.inczenoemi.art\/wp-content\/uploads\/2023\/06\/IMG-20220903-WA0009-225x300.jpg 225w, https:\/\/en.inczenoemi.art\/wp-content\/uploads\/2023\/06\/IMG-20220903-WA0009-768x1024.jpg 768w, https:\/\/en.inczenoemi.art\/wp-content\/uploads\/2023\/06\/IMG-20220903-WA0009-1152x1536.jpg 1152w, https:\/\/en.inczenoemi.art\/wp-content\/uploads\/2023\/06\/IMG-20220903-WA0009.jpg 1200w\" sizes=\"auto, (max-width: 225px) 100vw, 225px\" \/><\/p>\n<p>I was born in 1994. in Budapest.<\/p>\n<p>I graduated from a high school in V\u00e1c, where I learned to draw and paint, after school, during afternoons from J\u00f3zsef L\u00e1szl\u00f3 Moln\u00e1r, a Munk\u00e1csy Award-winning graphic artist, and the painter Norbert Nagy Garay.<\/p>\n<p>In 2013 I was admitted to the Academy of Fine Arts in Venice, where I graduated at the master&#8217;s level, in Italian in March 2019.<\/p>\n<p>In my works I try to capture the joys of people today, the characteristic moments of their lives as well as the beauty of nature.<\/p>\n<p>I am a member of the National Association of Hungarian Artists.<\/p>\n<p>Group exhibitions &#8211; national, county exhibitions &#8211;<\/p>\n<ul>\n<li>2019 &#8211; &#8222;V\u00e1c Winter Exhibition&#8221; &#8211; Mad\u00e1ch Imre Cultural Center, V\u00e1c<\/li>\n<\/ul>\n<hr \/>\n<ul>\n<li>2021 &#8211; &#8222;36th Salg\u00f3tarj\u00e1n Spring Exhibition&#8221; , Dornyay B\u00e9la Museum, Salg\u00f3tarj\u00e1n<br \/>\n(&#8222;Evening at Caf\u00e9 Noir&#8221;) <a href=\"https:\/\/tavaszitarlat.hu\/galeria\/36-tavaszi-tarlat-bekerult-kepek\/\" target=\"_new\" rel=\"noopener\">https:\/\/tavaszitarlat.hu\/galeria\/36-tavaszi-tarlat-bekerult-kepek\/<\/a><\/li>\n<\/ul>\n<hr \/>\n<ul>\n<li>2022 &#8211; &#8222;V\u00e1c Winter Exhibition&#8221; &#8211; Pannonia House, V\u00e1c<\/li>\n<\/ul>\n<hr \/>\n<ul>\n<li>23 &#8211; XXVIII N\u00f3gr\u00e1d County Autumn Fair &#8211; Sz\u00e9cs\u00e9ny Cultural Center.<br \/>\n&#8211; Recognition of the Golden Diploma<\/li>\n<\/ul>\n<hr \/>\n<ul>\n<li>2023 &#8211; 11th Advent Exhibition Art for Esztergom December 2023<br \/>\nIn the Great Hall of the MNM&#8217;s Esztergom Castle Museum (Esztergom, Szent Istv\u00e1n t\u00e9r 1.).<\/li>\n<\/ul>\n<hr \/>\n<ul>\n<li>2023 &#8211; &#8222;V\u00e1c Winter Fair&#8221; &#8211; Mad\u00e1ch Imre Cultural Center, V\u00e1c<\/li>\n<\/ul>\n","protected":false},"excerpt":{"rendered":"<p>I was born in 1994. in Budapest. I graduated from a high school in V\u00e1c, where I learned to draw and paint, after school, during afternoons from J\u00f3zsef L\u00e1szl\u00f3 Moln\u00e1r, a Munk\u00e1csy Award-winning graphic artist, and the painter Norbert Nagy Garay. In 2013 I was admitted to the Academy of Fine Arts in Venice, where [&hellip;]<\/p>\n","protected":false},"author":1,"featured_media":1252,"parent":0,"menu_order":0,"comment_status":"closed","ping_status":"closed","template":"","meta":{"_monsterinsights_skip_tracking":false,"_monsterinsights_sitenote_active":false,"_monsterinsights_sitenote_note":"","_monsterinsights_sitenote_category":0,"footnotes":""},"class_list":["post-120","page","type-page","status-publish","has-post-thumbnail","hentry","has-thumbnail"],"yoast_head":"<!-- This site is optimized with the Yoast SEO plugin v27.3 - https:\/\/yoast.com\/product\/yoast-seo-wordpress\/ -->\n<title>About me - inczenoemi<\/title>\n<meta name=\"robots\" content=\"index, follow, max-snippet:-1, max-image-preview:large, max-video-preview:-1\" \/>\n<link rel=\"canonical\" href=\"https:\/\/en.inczenoemi.art\/index.php\/about\/\" \/>\n<meta property=\"og:locale\" content=\"hu_HU\" \/>\n<meta property=\"og:type\" content=\"article\" \/>\n<meta property=\"og:title\" content=\"About me - inczenoemi\" \/>\n<meta property=\"og:description\" content=\"I was born in 1994. in Budapest. I graduated from a high school in V\u00e1c, where I learned to draw and paint, after school, during afternoons from J\u00f3zsef L\u00e1szl\u00f3 Moln\u00e1r, a Munk\u00e1csy Award-winning graphic artist, and the painter Norbert Nagy Garay. In 2013 I was admitted to the Academy of Fine Arts in Venice, where [&hellip;]\" \/>\n<meta property=\"og:url\" content=\"https:\/\/en.inczenoemi.art\/index.php\/about\/\" \/>\n<meta property=\"og:site_name\" content=\"inczenoemi\" \/>\n<meta property=\"article:modified_time\" content=\"2024-01-03T14:36:08+00:00\" \/>\n<meta property=\"og:image\" content=\"https:\/\/en.inczenoemi.art\/wp-content\/uploads\/2023\/05\/Incze-Noemi-II-scaled.jpg\" \/>\n\t<meta property=\"og:image:width\" content=\"2560\" \/>\n\t<meta property=\"og:image:height\" content=\"1809\" \/>\n\t<meta property=\"og:image:type\" content=\"image\/jpeg\" \/>\n<meta name=\"twitter:card\" content=\"summary_large_image\" \/>\n<meta name=\"twitter:label1\" content=\"Becs\u00fclt olvas\u00e1si id\u0151\" \/>\n\t<meta name=\"twitter:data1\" content=\"2 perc\" \/>\n<script type=\"application\/ld+json\" class=\"yoast-schema-graph\">{\"@context\":\"https:\\\/\\\/schema.org\",\"@graph\":[{\"@type\":\"WebPage\",\"@id\":\"https:\\\/\\\/en.inczenoemi.art\\\/index.php\\\/about\\\/\",\"url\":\"https:\\\/\\\/en.inczenoemi.art\\\/index.php\\\/about\\\/\",\"name\":\"About me - inczenoemi\",\"isPartOf\":{\"@id\":\"https:\\\/\\\/en.inczenoemi.art\\\/#website\"},\"primaryImageOfPage\":{\"@id\":\"https:\\\/\\\/en.inczenoemi.art\\\/index.php\\\/about\\\/#primaryimage\"},\"image\":{\"@id\":\"https:\\\/\\\/en.inczenoemi.art\\\/index.php\\\/about\\\/#primaryimage\"},\"thumbnailUrl\":\"https:\\\/\\\/en.inczenoemi.art\\\/wp-content\\\/uploads\\\/2023\\\/05\\\/Incze-Noemi-II-scaled.jpg\",\"datePublished\":\"2015-07-09T13:56:45+00:00\",\"dateModified\":\"2024-01-03T14:36:08+00:00\",\"breadcrumb\":{\"@id\":\"https:\\\/\\\/en.inczenoemi.art\\\/index.php\\\/about\\\/#breadcrumb\"},\"inLanguage\":\"hu\",\"potentialAction\":[{\"@type\":\"ReadAction\",\"target\":[\"https:\\\/\\\/en.inczenoemi.art\\\/index.php\\\/about\\\/\"]}]},{\"@type\":\"ImageObject\",\"inLanguage\":\"hu\",\"@id\":\"https:\\\/\\\/en.inczenoemi.art\\\/index.php\\\/about\\\/#primaryimage\",\"url\":\"https:\\\/\\\/en.inczenoemi.art\\\/wp-content\\\/uploads\\\/2023\\\/05\\\/Incze-Noemi-II-scaled.jpg\",\"contentUrl\":\"https:\\\/\\\/en.inczenoemi.art\\\/wp-content\\\/uploads\\\/2023\\\/05\\\/Incze-Noemi-II-scaled.jpg\",\"width\":2560,\"height\":1809},{\"@type\":\"BreadcrumbList\",\"@id\":\"https:\\\/\\\/en.inczenoemi.art\\\/index.php\\\/about\\\/#breadcrumb\",\"itemListElement\":[{\"@type\":\"ListItem\",\"position\":1,\"name\":\"Home\",\"item\":\"https:\\\/\\\/en.inczenoemi.art\\\/\"},{\"@type\":\"ListItem\",\"position\":2,\"name\":\"About me\"}]},{\"@type\":\"WebSite\",\"@id\":\"https:\\\/\\\/en.inczenoemi.art\\\/#website\",\"url\":\"https:\\\/\\\/en.inczenoemi.art\\\/\",\"name\":\"inczenoemi\",\"description\":\"\",\"potentialAction\":[{\"@type\":\"SearchAction\",\"target\":{\"@type\":\"EntryPoint\",\"urlTemplate\":\"https:\\\/\\\/en.inczenoemi.art\\\/?s={search_term_string}\"},\"query-input\":{\"@type\":\"PropertyValueSpecification\",\"valueRequired\":true,\"valueName\":\"search_term_string\"}}],\"inLanguage\":\"hu\"}]}<\/script>\n<!-- \/ Yoast SEO plugin. -->","yoast_head_json":{"title":"About me - inczenoemi","robots":{"index":"index","follow":"follow","max-snippet":"max-snippet:-1","max-image-preview":"max-image-preview:large","max-video-preview":"max-video-preview:-1"},"canonical":"https:\/\/en.inczenoemi.art\/index.php\/about\/","og_locale":"hu_HU","og_type":"article","og_title":"About me - inczenoemi","og_description":"I was born in 1994. in Budapest. I graduated from a high school in V\u00e1c, where I learned to draw and paint, after school, during afternoons from J\u00f3zsef L\u00e1szl\u00f3 Moln\u00e1r, a Munk\u00e1csy Award-winning graphic artist, and the painter Norbert Nagy Garay. In 2013 I was admitted to the Academy of Fine Arts in Venice, where [&hellip;]","og_url":"https:\/\/en.inczenoemi.art\/index.php\/about\/","og_site_name":"inczenoemi","article_modified_time":"2024-01-03T14:36:08+00:00","og_image":[{"width":2560,"height":1809,"url":"https:\/\/en.inczenoemi.art\/wp-content\/uploads\/2023\/05\/Incze-Noemi-II-scaled.jpg","type":"image\/jpeg"}],"twitter_card":"summary_large_image","twitter_misc":{"Becs\u00fclt olvas\u00e1si id\u0151":"2 perc"},"schema":{"@context":"https:\/\/schema.org","@graph":[{"@type":"WebPage","@id":"https:\/\/en.inczenoemi.art\/index.php\/about\/","url":"https:\/\/en.inczenoemi.art\/index.php\/about\/","name":"About me - inczenoemi","isPartOf":{"@id":"https:\/\/en.inczenoemi.art\/#website"},"primaryImageOfPage":{"@id":"https:\/\/en.inczenoemi.art\/index.php\/about\/#primaryimage"},"image":{"@id":"https:\/\/en.inczenoemi.art\/index.php\/about\/#primaryimage"},"thumbnailUrl":"https:\/\/en.inczenoemi.art\/wp-content\/uploads\/2023\/05\/Incze-Noemi-II-scaled.jpg","datePublished":"2015-07-09T13:56:45+00:00","dateModified":"2024-01-03T14:36:08+00:00","breadcrumb":{"@id":"https:\/\/en.inczenoemi.art\/index.php\/about\/#breadcrumb"},"inLanguage":"hu","potentialAction":[{"@type":"ReadAction","target":["https:\/\/en.inczenoemi.art\/index.php\/about\/"]}]},{"@type":"ImageObject","inLanguage":"hu","@id":"https:\/\/en.inczenoemi.art\/index.php\/about\/#primaryimage","url":"https:\/\/en.inczenoemi.art\/wp-content\/uploads\/2023\/05\/Incze-Noemi-II-scaled.jpg","contentUrl":"https:\/\/en.inczenoemi.art\/wp-content\/uploads\/2023\/05\/Incze-Noemi-II-scaled.jpg","width":2560,"height":1809},{"@type":"BreadcrumbList","@id":"https:\/\/en.inczenoemi.art\/index.php\/about\/#breadcrumb","itemListElement":[{"@type":"ListItem","position":1,"name":"Home","item":"https:\/\/en.inczenoemi.art\/"},{"@type":"ListItem","position":2,"name":"About me"}]},{"@type":"WebSite","@id":"https:\/\/en.inczenoemi.art\/#website","url":"https:\/\/en.inczenoemi.art\/","name":"inczenoemi","description":"","potentialAction":[{"@type":"SearchAction","target":{"@type":"EntryPoint","urlTemplate":"https:\/\/en.inczenoemi.art\/?s={search_term_string}"},"query-input":{"@type":"PropertyValueSpecification","valueRequired":true,"valueName":"search_term_string"}}],"inLanguage":"hu"}]}},"_links":{"self":[{"href":"https:\/\/en.inczenoemi.art\/index.php\/wp-json\/wp\/v2\/pages\/120","targetHints":{"allow":["GET"]}}],"collection":[{"href":"https:\/\/en.inczenoemi.art\/index.php\/wp-json\/wp\/v2\/pages"}],"about":[{"href":"https:\/\/en.inczenoemi.art\/index.php\/wp-json\/wp\/v2\/types\/page"}],"author":[{"embeddable":true,"href":"https:\/\/en.inczenoemi.art\/index.php\/wp-json\/wp\/v2\/users\/1"}],"replies":[{"embeddable":true,"href":"https:\/\/en.inczenoemi.art\/index.php\/wp-json\/wp\/v2\/comments?post=120"}],"version-history":[{"count":14,"href":"https:\/\/en.inczenoemi.art\/index.php\/wp-json\/wp\/v2\/pages\/120\/revisions"}],"predecessor-version":[{"id":1741,"href":"https:\/\/en.inczenoemi.art\/index.php\/wp-json\/wp\/v2\/pages\/120\/revisions\/1741"}],"wp:featuredmedia":[{"embeddable":true,"href":"https:\/\/en.inczenoemi.art\/index.php\/wp-json\/wp\/v2\/media\/1252"}],"wp:attachment":[{"href":"https:\/\/en.inczenoemi.art\/index.php\/wp-json\/wp\/v2\/media?parent=120"}],"curies":[{"name":"wp","href":"https:\/\/api.w.org\/{rel}","templated":true}]}}