{"id":34,"date":"2015-07-07T13:49:09","date_gmt":"2015-07-07T13:49:09","guid":{"rendered":"https:\/\/mallinidesign.com\/pinecone\/?page_id=24"},"modified":"2023-06-16T15:16:17","modified_gmt":"2023-06-16T15:16:17","slug":"contact","status":"publish","type":"page","link":"https:\/\/en.inczenoemi.art\/index.php\/contact\/","title":{"rendered":"Contact"},"content":{"rendered":"<h2><\/h2>\n<p>Would you like to contact me, request a quote, or get information about my work? Fill out the form below and I will get back to you as soon as possible! I look forward to your message!<\/p>\n\n<div class=\"wpcf7 no-js\" id=\"wpcf7-f1136-o1\" lang=\"en-US\" dir=\"ltr\" data-wpcf7-id=\"1136\">\n<div class=\"screen-reader-response\"><p role=\"status\" aria-live=\"polite\" aria-atomic=\"true\"><\/p> <ul><\/ul><\/div>\n<form action=\"\/index.php\/wp-json\/wp\/v2\/pages\/34#wpcf7-f1136-o1\" method=\"post\" class=\"wpcf7-form init\" aria-label=\"Contact form\" novalidate=\"novalidate\" data-status=\"init\">\n<fieldset class=\"hidden-fields-container\"><input type=\"hidden\" name=\"_wpcf7\" value=\"1136\" \/><input type=\"hidden\" name=\"_wpcf7_version\" value=\"6.1.5\" \/><input type=\"hidden\" name=\"_wpcf7_locale\" value=\"en_US\" \/><input type=\"hidden\" name=\"_wpcf7_unit_tag\" value=\"wpcf7-f1136-o1\" \/><input type=\"hidden\" name=\"_wpcf7_container_post\" value=\"0\" \/><input type=\"hidden\" name=\"_wpcf7_posted_data_hash\" value=\"\" \/>\n<\/fieldset>\n<div action=\"contact.php\" id=\"form\" method=\"post\" your-name=\"send\">\n\t<div class=\"col-sm-4 col-md-4 col-lg-4\">\n\t\t<p><span class=\"wpcf7-form-control-wrap\" data-name=\"your-name\"><input size=\"40\" maxlength=\"400\" class=\"wpcf7-form-control wpcf7-text wpcf7-validates-as-required requiredField your-name\" id=\"your-name\" aria-required=\"true\" aria-invalid=\"false\" placeholder=\"Full name\" value=\"\" type=\"text\" name=\"your-name\" \/><\/span>\n\t\t<\/p>\n\t<\/div>\n\t<div class=\"col-sm-4 col-md-4 col-lg-4\">\n\t\t<p><span class=\"wpcf7-form-control-wrap\" data-name=\"email\"><input size=\"40\" maxlength=\"400\" class=\"wpcf7-form-control wpcf7-text wpcf7-validates-as-required requiredField email\" id=\"email\" aria-required=\"true\" aria-invalid=\"false\" placeholder=\"Email address\" value=\"\" type=\"text\" name=\"email\" \/><\/span>\n\t\t<\/p>\n\t<\/div>\n\t<div class=\"col-sm-4 col-md-4 col-lg-4\">\n\t\t<p><span class=\"wpcf7-form-control-wrap\" data-name=\"subject\"><input size=\"40\" maxlength=\"400\" class=\"wpcf7-form-control wpcf7-text wpcf7-validates-as-required requiredField subject\" id=\"subject\" aria-required=\"true\" aria-invalid=\"false\" placeholder=\"Subject\" value=\"\" type=\"text\" name=\"subject\" \/><\/span>\n\t\t<\/p>\n\t<\/div>\n\t<div class=\"make-space\">\n\t\t<p><span class=\"wpcf7-form-control-wrap\" data-name=\"message\"><textarea cols=\"40\" rows=\"10\" maxlength=\"2000\" class=\"wpcf7-form-control wpcf7-textarea wpcf7-validates-as-required requiredField message\" id=\"message\" aria-required=\"true\" aria-invalid=\"false\" placeholder=\"Message\" name=\"message\"><\/textarea><\/span>\n\t\t<\/p>\n\t<\/div>\n\t<div>\n\t\t<div class=\"contact-form-submit-wrapper\">\n\t\t\t<div class=\"the-button the-button-color\">\n\t\t\t\t<p><input class=\"wpcf7-form-control wpcf7-submit has-spinner the-button-submit\" id=\"submit\" type=\"submit\" value=\"Submit\" \/>\n\t\t\t\t<\/p>\n\t\t\t<\/div>\n\t\t<\/div>\n\t<\/div>\n<\/div><div class=\"wpcf7-response-output\" aria-hidden=\"true\"><\/div>\n<\/form>\n<\/div>\n\n","protected":false},"excerpt":{"rendered":"<p>Would you like to contact me, request a quote, or get information about my work? Fill out the form below and I will get back to you as soon as possible! I look forward to your message!<\/p>\n","protected":false},"author":1,"featured_media":1265,"parent":0,"menu_order":0,"comment_status":"closed","ping_status":"closed","template":"template-contact.php","meta":{"_monsterinsights_skip_tracking":false,"_monsterinsights_sitenote_active":false,"_monsterinsights_sitenote_note":"","_monsterinsights_sitenote_category":0,"footnotes":""},"class_list":["post-34","page","type-page","status-publish","has-post-thumbnail","hentry","has-thumbnail"],"yoast_head":"<!-- This site is optimized with the Yoast SEO plugin v27.3 - https:\/\/yoast.com\/product\/yoast-seo-wordpress\/ -->\n<title>Contact - inczenoemi<\/title>\n<meta name=\"robots\" content=\"index, follow, max-snippet:-1, max-image-preview:large, max-video-preview:-1\" \/>\n<link rel=\"canonical\" href=\"https:\/\/en.inczenoemi.art\/index.php\/contact\/\" \/>\n<meta property=\"og:locale\" content=\"hu_HU\" \/>\n<meta property=\"og:type\" content=\"article\" \/>\n<meta property=\"og:title\" content=\"Contact - inczenoemi\" \/>\n<meta property=\"og:description\" content=\"Would you like to contact me, request a quote, or get information about my work? Fill out the form below and I will get back to you as soon as possible! I look forward to your message!\" \/>\n<meta property=\"og:url\" content=\"https:\/\/en.inczenoemi.art\/index.php\/contact\/\" \/>\n<meta property=\"og:site_name\" content=\"inczenoemi\" \/>\n<meta property=\"article:modified_time\" content=\"2023-06-16T15:16:17+00:00\" \/>\n<meta property=\"og:image\" content=\"https:\/\/en.inczenoemi.art\/wp-content\/uploads\/2023\/05\/IMGP6428-2-masolat-scaled.jpg\" \/>\n\t<meta property=\"og:image:width\" content=\"1830\" \/>\n\t<meta property=\"og:image:height\" content=\"2560\" \/>\n\t<meta property=\"og:image:type\" content=\"image\/jpeg\" \/>\n<meta name=\"twitter:card\" content=\"summary_large_image\" \/>\n<meta name=\"twitter:label1\" content=\"Becs\u00fclt olvas\u00e1si id\u0151\" \/>\n\t<meta name=\"twitter:data1\" content=\"1 perc\" \/>\n<script type=\"application\/ld+json\" class=\"yoast-schema-graph\">{\"@context\":\"https:\\\/\\\/schema.org\",\"@graph\":[{\"@type\":\"WebPage\",\"@id\":\"https:\\\/\\\/en.inczenoemi.art\\\/index.php\\\/contact\\\/\",\"url\":\"https:\\\/\\\/en.inczenoemi.art\\\/index.php\\\/contact\\\/\",\"name\":\"Contact - inczenoemi\",\"isPartOf\":{\"@id\":\"https:\\\/\\\/en.inczenoemi.art\\\/#website\"},\"primaryImageOfPage\":{\"@id\":\"https:\\\/\\\/en.inczenoemi.art\\\/index.php\\\/contact\\\/#primaryimage\"},\"image\":{\"@id\":\"https:\\\/\\\/en.inczenoemi.art\\\/index.php\\\/contact\\\/#primaryimage\"},\"thumbnailUrl\":\"https:\\\/\\\/en.inczenoemi.art\\\/wp-content\\\/uploads\\\/2023\\\/05\\\/IMGP6428-2-masolat-scaled.jpg\",\"datePublished\":\"2015-07-07T13:49:09+00:00\",\"dateModified\":\"2023-06-16T15:16:17+00:00\",\"breadcrumb\":{\"@id\":\"https:\\\/\\\/en.inczenoemi.art\\\/index.php\\\/contact\\\/#breadcrumb\"},\"inLanguage\":\"hu\",\"potentialAction\":[{\"@type\":\"ReadAction\",\"target\":[\"https:\\\/\\\/en.inczenoemi.art\\\/index.php\\\/contact\\\/\"]}]},{\"@type\":\"ImageObject\",\"inLanguage\":\"hu\",\"@id\":\"https:\\\/\\\/en.inczenoemi.art\\\/index.php\\\/contact\\\/#primaryimage\",\"url\":\"https:\\\/\\\/en.inczenoemi.art\\\/wp-content\\\/uploads\\\/2023\\\/05\\\/IMGP6428-2-masolat-scaled.jpg\",\"contentUrl\":\"https:\\\/\\\/en.inczenoemi.art\\\/wp-content\\\/uploads\\\/2023\\\/05\\\/IMGP6428-2-masolat-scaled.jpg\",\"width\":1830,\"height\":2560},{\"@type\":\"BreadcrumbList\",\"@id\":\"https:\\\/\\\/en.inczenoemi.art\\\/index.php\\\/contact\\\/#breadcrumb\",\"itemListElement\":[{\"@type\":\"ListItem\",\"position\":1,\"name\":\"Home\",\"item\":\"https:\\\/\\\/en.inczenoemi.art\\\/\"},{\"@type\":\"ListItem\",\"position\":2,\"name\":\"Contact\"}]},{\"@type\":\"WebSite\",\"@id\":\"https:\\\/\\\/en.inczenoemi.art\\\/#website\",\"url\":\"https:\\\/\\\/en.inczenoemi.art\\\/\",\"name\":\"inczenoemi\",\"description\":\"\",\"potentialAction\":[{\"@type\":\"SearchAction\",\"target\":{\"@type\":\"EntryPoint\",\"urlTemplate\":\"https:\\\/\\\/en.inczenoemi.art\\\/?s={search_term_string}\"},\"query-input\":{\"@type\":\"PropertyValueSpecification\",\"valueRequired\":true,\"valueName\":\"search_term_string\"}}],\"inLanguage\":\"hu\"}]}<\/script>\n<!-- \/ Yoast SEO plugin. -->","yoast_head_json":{"title":"Contact - inczenoemi","robots":{"index":"index","follow":"follow","max-snippet":"max-snippet:-1","max-image-preview":"max-image-preview:large","max-video-preview":"max-video-preview:-1"},"canonical":"https:\/\/en.inczenoemi.art\/index.php\/contact\/","og_locale":"hu_HU","og_type":"article","og_title":"Contact - inczenoemi","og_description":"Would you like to contact me, request a quote, or get information about my work? Fill out the form below and I will get back to you as soon as possible! I look forward to your message!","og_url":"https:\/\/en.inczenoemi.art\/index.php\/contact\/","og_site_name":"inczenoemi","article_modified_time":"2023-06-16T15:16:17+00:00","og_image":[{"width":1830,"height":2560,"url":"https:\/\/en.inczenoemi.art\/wp-content\/uploads\/2023\/05\/IMGP6428-2-masolat-scaled.jpg","type":"image\/jpeg"}],"twitter_card":"summary_large_image","twitter_misc":{"Becs\u00fclt olvas\u00e1si id\u0151":"1 perc"},"schema":{"@context":"https:\/\/schema.org","@graph":[{"@type":"WebPage","@id":"https:\/\/en.inczenoemi.art\/index.php\/contact\/","url":"https:\/\/en.inczenoemi.art\/index.php\/contact\/","name":"Contact - inczenoemi","isPartOf":{"@id":"https:\/\/en.inczenoemi.art\/#website"},"primaryImageOfPage":{"@id":"https:\/\/en.inczenoemi.art\/index.php\/contact\/#primaryimage"},"image":{"@id":"https:\/\/en.inczenoemi.art\/index.php\/contact\/#primaryimage"},"thumbnailUrl":"https:\/\/en.inczenoemi.art\/wp-content\/uploads\/2023\/05\/IMGP6428-2-masolat-scaled.jpg","datePublished":"2015-07-07T13:49:09+00:00","dateModified":"2023-06-16T15:16:17+00:00","breadcrumb":{"@id":"https:\/\/en.inczenoemi.art\/index.php\/contact\/#breadcrumb"},"inLanguage":"hu","potentialAction":[{"@type":"ReadAction","target":["https:\/\/en.inczenoemi.art\/index.php\/contact\/"]}]},{"@type":"ImageObject","inLanguage":"hu","@id":"https:\/\/en.inczenoemi.art\/index.php\/contact\/#primaryimage","url":"https:\/\/en.inczenoemi.art\/wp-content\/uploads\/2023\/05\/IMGP6428-2-masolat-scaled.jpg","contentUrl":"https:\/\/en.inczenoemi.art\/wp-content\/uploads\/2023\/05\/IMGP6428-2-masolat-scaled.jpg","width":1830,"height":2560},{"@type":"BreadcrumbList","@id":"https:\/\/en.inczenoemi.art\/index.php\/contact\/#breadcrumb","itemListElement":[{"@type":"ListItem","position":1,"name":"Home","item":"https:\/\/en.inczenoemi.art\/"},{"@type":"ListItem","position":2,"name":"Contact"}]},{"@type":"WebSite","@id":"https:\/\/en.inczenoemi.art\/#website","url":"https:\/\/en.inczenoemi.art\/","name":"inczenoemi","description":"","potentialAction":[{"@type":"SearchAction","target":{"@type":"EntryPoint","urlTemplate":"https:\/\/en.inczenoemi.art\/?s={search_term_string}"},"query-input":{"@type":"PropertyValueSpecification","valueRequired":true,"valueName":"search_term_string"}}],"inLanguage":"hu"}]}},"_links":{"self":[{"href":"https:\/\/en.inczenoemi.art\/index.php\/wp-json\/wp\/v2\/pages\/34","targetHints":{"allow":["GET"]}}],"collection":[{"href":"https:\/\/en.inczenoemi.art\/index.php\/wp-json\/wp\/v2\/pages"}],"about":[{"href":"https:\/\/en.inczenoemi.art\/index.php\/wp-json\/wp\/v2\/types\/page"}],"author":[{"embeddable":true,"href":"https:\/\/en.inczenoemi.art\/index.php\/wp-json\/wp\/v2\/users\/1"}],"replies":[{"embeddable":true,"href":"https:\/\/en.inczenoemi.art\/index.php\/wp-json\/wp\/v2\/comments?post=34"}],"version-history":[{"count":8,"href":"https:\/\/en.inczenoemi.art\/index.php\/wp-json\/wp\/v2\/pages\/34\/revisions"}],"predecessor-version":[{"id":1665,"href":"https:\/\/en.inczenoemi.art\/index.php\/wp-json\/wp\/v2\/pages\/34\/revisions\/1665"}],"wp:featuredmedia":[{"embeddable":true,"href":"https:\/\/en.inczenoemi.art\/index.php\/wp-json\/wp\/v2\/media\/1265"}],"wp:attachment":[{"href":"https:\/\/en.inczenoemi.art\/index.php\/wp-json\/wp\/v2\/media?parent=34"}],"curies":[{"name":"wp","href":"https:\/\/api.w.org\/{rel}","templated":true}]}}